{"id":40,"date":"2025-12-12T18:40:19","date_gmt":"2025-12-12T18:40:19","guid":{"rendered":"https:\/\/voltprofi.de\/?page_id=40"},"modified":"2026-04-24T05:15:46","modified_gmt":"2026-04-24T05:15:46","slug":"leistungen","status":"publish","type":"page","link":"https:\/\/voltprofi.de\/index.php\/leistungen\/","title":{"rendered":"Leistungen"},"content":{"rendered":"\t\t<div data-elementor-type=\"wp-page\" data-elementor-id=\"40\" class=\"elementor elementor-40\">\n\t\t\t\t\t\t<section class=\"elementor-section elementor-top-section elementor-element elementor-element-11614168 elementor-section-boxed elementor-section-height-default elementor-section-height-default\" data-id=\"11614168\" data-element_type=\"section\" data-e-type=\"section\">\n\t\t\t\t\t\t<div class=\"elementor-container elementor-column-gap-default\">\n\t\t\t\t\t<div class=\"elementor-column elementor-col-100 elementor-top-column elementor-element elementor-element-1c74d384\" data-id=\"1c74d384\" data-element_type=\"column\" data-e-type=\"column\">\n\t\t\t<div class=\"elementor-widget-wrap elementor-element-populated\">\n\t\t\t\t\t\t<div class=\"elementor-element elementor-element-6cbc71d1 elementor-widget elementor-widget-text-editor\" data-id=\"6cbc71d1\" data-element_type=\"widget\" data-e-type=\"widget\" data-widget_type=\"text-editor.default\">\n\t\t\t\t<div class=\"elementor-widget-container\">\n\t\t\t\t\t\t\t\t\t<ul>\n<li style=\"list-style-type: none;\">\n<ul><\/ul>\n<\/li>\n<\/ul>\n<p><span style=\"color: #000000;\">Beratung und Installationen von Geb\u00e4udetechnik nach VDE:<\/span><\/p>\n<p><span style=\"color: #000000;\"><\/span><\/p>\n<ul>\n<li style=\"list-style-type: none;\">\n<ul>\n<li><span style=\"color: #000000;\">Erstinstallationen<\/span><\/li>\n<li><span style=\"color: #000000;\">zukunftssichere Sanierungen<\/span><\/li>\n<li><span style=\"color: #000000;\">Erweiterungen von Bestandsanlagen<\/span><\/li>\n<li><span style=\"color: #000000;\">Anschluss elektrischer Anlagen und Ger\u00e4te (Herd, Lampen etc.)<\/span><\/li>\n<li><span style=\"color: #000000;\">Netzwerktechnik<\/span><\/li>\n<li><span style=\"color: #000000;\">Smart Home<\/span><\/li>\n<li><span style=\"color: #000000;\">Photovoltaikanlagen<\/span><\/li>\n<li><span style=\"color: #000000;\">Lades\u00e4ulen (Wallbox)<\/span><\/li>\n<\/ul>\n<\/li>\n<\/ul>\n<p><span style=\"color: #000000;\">Kommunikation mit Netzbetreibern f\u00fcr:<\/span><\/p>\n<ul>\n<li style=\"list-style-type: none;\">\n<ul>\n<li><span style=\"color: #000000;\">An- und Abmeldung von Hausanschl\u00fcssen sowie Haushaltsz\u00e4hlern<\/span><\/li>\n<li><span style=\"color: #000000;\">Erweiterung und Anpassungen von Anlagen (PV-Anlage, Energiespeichersystem, W\u00e4rmepumpe, Wallbox) nach\u00a0\u00a7 14a <abbr title=\"Energiewirtschaftsgesetz\">EnWG<\/abbr> (<span style=\"color: #000080;\"><a style=\"color: #000080;\" href=\"https:\/\/www.bundesnetzagentur.de\/DE\/Vportal\/Energie\/SteuerbareVBE\/artikel.html?nn=877500\" target=\"_blank\" rel=\"noopener\">Bundesnetzagentur \u00a7 14a EnWG<\/a><\/span>)<\/span><\/li>\n<\/ul>\n<\/li>\n<\/ul>\n<p><span style=\"color: #000000;\">sonstige Dienstleistungen<\/span><\/p>\n<ul>\n<li style=\"list-style-type: none;\">\n<ul>\n<li><span style=\"color: #000000;\">Pr\u00fcfungen von ortsver\u00e4nderlichen Ger\u00e4ten nach VGUV V3 (Anforderung der BG)<\/span><\/li>\n<\/ul>\n<\/li>\n<\/ul>\n<p><\/p>\n<p><!-- \/wp:list --><!-- wp:paragraph --><\/p>\n<p><!-- \/wp:paragraph --><\/p>\t\t\t\t\t\t\t\t<\/div>\n\t\t\t\t<\/div>\n\t\t\t\t\t<\/div>\n\t\t<\/div>\n\t\t\t\t\t<\/div>\n\t\t<\/section>\n\t\t\t\t<\/div>\n\t\t","protected":false},"excerpt":{"rendered":"","protected":false},"author":1,"featured_media":0,"parent":0,"menu_order":0,"comment_status":"closed","ping_status":"closed","template":"elementor_theme","meta":{"footnotes":""},"class_list":["post-40","page","type-page","status-publish","hentry"],"_links":{"self":[{"href":"https:\/\/voltprofi.de\/index.php\/wp-json\/wp\/v2\/pages\/40","targetHints":{"allow":["GET"]}}],"collection":[{"href":"https:\/\/voltprofi.de\/index.php\/wp-json\/wp\/v2\/pages"}],"about":[{"href":"https:\/\/voltprofi.de\/index.php\/wp-json\/wp\/v2\/types\/page"}],"author":[{"embeddable":true,"href":"https:\/\/voltprofi.de\/index.php\/wp-json\/wp\/v2\/users\/1"}],"replies":[{"embeddable":true,"href":"https:\/\/voltprofi.de\/index.php\/wp-json\/wp\/v2\/comments?post=40"}],"version-history":[{"count":28,"href":"https:\/\/voltprofi.de\/index.php\/wp-json\/wp\/v2\/pages\/40\/revisions"}],"predecessor-version":[{"id":264,"href":"https:\/\/voltprofi.de\/index.php\/wp-json\/wp\/v2\/pages\/40\/revisions\/264"}],"wp:attachment":[{"href":"https:\/\/voltprofi.de\/index.php\/wp-json\/wp\/v2\/media?parent=40"}],"curies":[{"name":"wp","href":"https:\/\/api.w.org\/{rel}","templated":true}]}}