{"id":38,"date":"2025-12-23T10:42:30","date_gmt":"2025-12-23T10:42:30","guid":{"rendered":"https:\/\/voltprofi.de\/?page_id=38"},"modified":"2026-04-24T05:08:52","modified_gmt":"2026-04-24T05:08:52","slug":"ueber-uns","status":"publish","type":"page","link":"https:\/\/voltprofi.de\/index.php\/ueber-uns\/","title":{"rendered":"\u00dcber uns"},"content":{"rendered":"\t\t<div data-elementor-type=\"wp-page\" data-elementor-id=\"38\" class=\"elementor elementor-38\">\n\t\t\t\t\t\t<section class=\"elementor-section elementor-top-section elementor-element elementor-element-35778ae0 elementor-section-boxed elementor-section-height-default elementor-section-height-default\" data-id=\"35778ae0\" data-element_type=\"section\" data-e-type=\"section\">\n\t\t\t\t\t\t<div class=\"elementor-container elementor-column-gap-default\">\n\t\t\t\t\t<div class=\"elementor-column elementor-col-100 elementor-top-column elementor-element elementor-element-75fcf0b3\" data-id=\"75fcf0b3\" data-element_type=\"column\" data-e-type=\"column\">\n\t\t\t<div class=\"elementor-widget-wrap elementor-element-populated\">\n\t\t\t\t\t\t<div class=\"elementor-element elementor-element-6cdeebd1 elementor-widget elementor-widget-text-editor\" data-id=\"6cdeebd1\" data-element_type=\"widget\" data-e-type=\"widget\" data-widget_type=\"text-editor.default\">\n\t\t\t\t<div class=\"elementor-widget-container\">\n\t\t\t\t\t\t\t\t\t\n<p>Wir sind ein Meisterbetrieb und zeichnen uns durch laufende Schulung unserer Mitarbeiter aus.<\/p>\n\n<p>Die Firma ist seit 2023 Innungsmitglied beim ZVEH und seit November 2021 bei der Handwerkskammer Neubrandenburg eingetragen.<\/p>\n\n<p>Unser Einsatzgebiet umfasst \u00fcberwiegend die Hansest\u00e4dte Greifswald und Stralsund sowie die angrenzenden Landkreise Vorpommern-Greifswald und Vorpommern-R\u00fcgen.<\/p>\n\n<p>Daneben setzen wir uns f\u00fcr unsere Region ein:<\/p>\n\n<figure class=\"wp-block-embed is-type-wp-embed is-provider-gutes-aus-vorpommern wp-block-embed-gutes-aus-vorpommern\">\n<div class=\"wp-block-embed__wrapper\">https:\/\/www.gutes-aus-vorpommern.de\/listing\/voltprofi\/<\/div>\n<\/figure>\n\n<p>\u00a0<\/p>\n\t\t\t\t\t\t\t\t<\/div>\n\t\t\t\t<\/div>\n\t\t\t\t\t<\/div>\n\t\t<\/div>\n\t\t\t\t\t<\/div>\n\t\t<\/section>\n\t\t\t\t<\/div>\n\t\t","protected":false},"excerpt":{"rendered":"<p>Wir sind ein Meisterbetrieb und zeichnen uns durch laufende Schulung unserer Mitarbeiter aus. Die Firma ist seit 2023 Innungsmitglied beim ZVEH und seit November 2021 bei der Handwerkskammer Neubrandenburg eingetragen. Unser Einsatzgebiet umfasst \u00fcberwiegend die Hansest\u00e4dte Greifswald und Stralsund sowie die angrenzenden Landkreise Vorpommern-Greifswald und Vorpommern-R\u00fcgen. Daneben setzen wir uns f\u00fcr unsere Region ein: \u00a0<\/p>\n","protected":false},"author":1,"featured_media":0,"parent":0,"menu_order":0,"comment_status":"closed","ping_status":"closed","template":"elementor_theme","meta":{"footnotes":""},"class_list":["post-38","page","type-page","status-publish","hentry"],"_links":{"self":[{"href":"https:\/\/voltprofi.de\/index.php\/wp-json\/wp\/v2\/pages\/38","targetHints":{"allow":["GET"]}}],"collection":[{"href":"https:\/\/voltprofi.de\/index.php\/wp-json\/wp\/v2\/pages"}],"about":[{"href":"https:\/\/voltprofi.de\/index.php\/wp-json\/wp\/v2\/types\/page"}],"author":[{"embeddable":true,"href":"https:\/\/voltprofi.de\/index.php\/wp-json\/wp\/v2\/users\/1"}],"replies":[{"embeddable":true,"href":"https:\/\/voltprofi.de\/index.php\/wp-json\/wp\/v2\/comments?post=38"}],"version-history":[{"count":7,"href":"https:\/\/voltprofi.de\/index.php\/wp-json\/wp\/v2\/pages\/38\/revisions"}],"predecessor-version":[{"id":252,"href":"https:\/\/voltprofi.de\/index.php\/wp-json\/wp\/v2\/pages\/38\/revisions\/252"}],"wp:attachment":[{"href":"https:\/\/voltprofi.de\/index.php\/wp-json\/wp\/v2\/media?parent=38"}],"curies":[{"name":"wp","href":"https:\/\/api.w.org\/{rel}","templated":true}]}}